{"id":43,"date":"2015-01-04T09:35:58","date_gmt":"2015-01-04T08:35:58","guid":{"rendered":"http:\/\/mariabofill.com\/es\/?page_id=43"},"modified":"2015-01-05T11:51:55","modified_gmt":"2015-01-05T10:51:55","slug":"mapa-del-sitio","status":"publish","type":"page","link":"http:\/\/fins2015.mariabofill.com\/es\/mapa-del-sitio\/","title":{"rendered":"Mapa del sitio"},"content":{"rendered":"<div class=\"wsp-container\"><h2 class=\"wsp-pages-title\">P\u00e1ginas<\/h2>\n<ul class=\"wsp-pages-list\">\n<li class=\"page_item page-item-25\"><a href=\"http:\/\/fins2015.mariabofill.com\/es\/arquitectura\/\">Arquitectura<\/a><\/li>\n<li class=\"page_item page-item-38\"><a href=\"http:\/\/fins2015.mariabofill.com\/es\/contacto\/\">Contacto<\/a><\/li>\n<li class=\"page_item page-item-34\"><a href=\"http:\/\/fins2015.mariabofill.com\/es\/curriculum-vitae\/\">Curriculum Vitae<\/a><\/li>\n<li class=\"page_item page-item-43\"><a href=\"http:\/\/fins2015.mariabofill.com\/es\/mapa-del-sitio\/\">Mapa del sitio<\/a><\/li>\n<li class=\"page_item page-item-30\"><a href=\"http:\/\/fins2015.mariabofill.com\/es\/naturaleza\/\">Naturaleza<\/a><\/li>\n<li class=\"page_item page-item-28\"><a href=\"http:\/\/fins2015.mariabofill.com\/es\/paisajes\/\">Paisajes<\/a><\/li>\n<li class=\"page_item page-item-2\"><a href=\"http:\/\/fins2015.mariabofill.com\/es\/\">Portada<\/a><\/li>\n<li class=\"page_item page-item-41\"><a href=\"http:\/\/fins2015.mariabofill.com\/es\/videos\/\">Videos<\/a><\/li>\n<\/ul>\n<h2 class=\"wsp-bwg_gallerys-title\">Galer\u00edas<\/h2>\n<ul class=\"wsp-bwg_gallerys-list\">\n<li><a href=\"http:\/\/fins2015.mariabofill.com\/es\/bwg_gallery\/naturaleza\/\">Naturaleza<\/a><\/li>\n<li><a href=\"http:\/\/fins2015.mariabofill.com\/es\/bwg_gallery\/paisajes\/\">Paisajes<\/a><\/li>\n<li><a href=\"http:\/\/fins2015.mariabofill.com\/es\/bwg_gallery\/arquitectura\/\">Arquitectura<\/a><\/li>\n<\/ul>\n<\/div>\n","protected":false},"excerpt":{"rendered":"","protected":false},"author":1,"featured_media":0,"parent":0,"menu_order":0,"comment_status":"closed","ping_status":"open","template":"","meta":{"footnotes":""},"class_list":["post-43","page","type-page","status-publish","hentry"],"yoast_head":"<!-- This site is optimized with the Yoast SEO plugin v27.5 - https:\/\/yoast.com\/product\/yoast-seo-wordpress\/ -->\n<title>Maria Bofill - Mapa del sitio - Ver todas las p\u00e1ginas.<\/title>\n<meta name=\"description\" content=\"Mapa del sitio - Una gu\u00eda para el lugar, por una sola lengua, saber qu\u00e9 p\u00e1ginas son en el lugar e ir a la p\u00e1gina de su elecci\u00f3n haciendo clic en el nombre.\" \/>\n<meta name=\"robots\" content=\"index, follow, max-snippet:-1, max-image-preview:large, max-video-preview:-1\" \/>\n<link rel=\"canonical\" href=\"http:\/\/fins2015.mariabofill.com\/es\/mapa-del-sitio\/\" \/>\n<meta property=\"og:locale\" content=\"es_ES\" \/>\n<meta property=\"og:type\" content=\"article\" \/>\n<meta property=\"og:title\" content=\"Maria Bofill - Mapa del sitio - Ver todas las p\u00e1ginas.\" \/>\n<meta property=\"og:description\" content=\"Mapa del sitio - Una gu\u00eda para el lugar, por una sola lengua, saber qu\u00e9 p\u00e1ginas son en el lugar e ir a la p\u00e1gina de su elecci\u00f3n haciendo clic en el nombre.\" \/>\n<meta property=\"og:url\" content=\"http:\/\/fins2015.mariabofill.com\/es\/mapa-del-sitio\/\" \/>\n<meta property=\"og:site_name\" content=\"maria bofill\" \/>\n<meta property=\"article:modified_time\" content=\"2015-01-05T10:51:55+00:00\" \/>\n<script type=\"application\/ld+json\" class=\"yoast-schema-graph\">{\"@context\":\"https:\\\/\\\/schema.org\",\"@graph\":[{\"@type\":\"WebPage\",\"@id\":\"http:\\\/\\\/fins2015.mariabofill.com\\\/es\\\/mapa-del-sitio\\\/\",\"url\":\"http:\\\/\\\/fins2015.mariabofill.com\\\/es\\\/mapa-del-sitio\\\/\",\"name\":\"Maria Bofill - Mapa del sitio - Ver todas las p\u00e1ginas.\",\"isPartOf\":{\"@id\":\"http:\\\/\\\/fins2015.mariabofill.com\\\/es\\\/#website\"},\"datePublished\":\"2015-01-04T08:35:58+00:00\",\"dateModified\":\"2015-01-05T10:51:55+00:00\",\"description\":\"Mapa del sitio - Una gu\u00eda para el lugar, por una sola lengua, saber qu\u00e9 p\u00e1ginas son en el lugar e ir a la p\u00e1gina de su elecci\u00f3n haciendo clic en el nombre.\",\"breadcrumb\":{\"@id\":\"http:\\\/\\\/fins2015.mariabofill.com\\\/es\\\/mapa-del-sitio\\\/#breadcrumb\"},\"inLanguage\":\"es\",\"potentialAction\":[{\"@type\":\"ReadAction\",\"target\":[\"http:\\\/\\\/fins2015.mariabofill.com\\\/es\\\/mapa-del-sitio\\\/\"]}]},{\"@type\":\"BreadcrumbList\",\"@id\":\"http:\\\/\\\/fins2015.mariabofill.com\\\/es\\\/mapa-del-sitio\\\/#breadcrumb\",\"itemListElement\":[{\"@type\":\"ListItem\",\"position\":1,\"name\":\"Home\",\"item\":\"http:\\\/\\\/fins2015.mariabofill.com\\\/es\\\/\"},{\"@type\":\"ListItem\",\"position\":2,\"name\":\"Mapa del sitio\"}]},{\"@type\":\"WebSite\",\"@id\":\"http:\\\/\\\/fins2015.mariabofill.com\\\/es\\\/#website\",\"url\":\"http:\\\/\\\/fins2015.mariabofill.com\\\/es\\\/\",\"name\":\"maria bofill\",\"description\":\"Ceramista y Artista\",\"potentialAction\":[{\"@type\":\"SearchAction\",\"target\":{\"@type\":\"EntryPoint\",\"urlTemplate\":\"http:\\\/\\\/fins2015.mariabofill.com\\\/es\\\/?s={search_term_string}\"},\"query-input\":{\"@type\":\"PropertyValueSpecification\",\"valueRequired\":true,\"valueName\":\"search_term_string\"}}],\"inLanguage\":\"es\"}]}<\/script>\n<!-- \/ Yoast SEO plugin. -->","yoast_head_json":{"title":"Maria Bofill - Mapa del sitio - Ver todas las p\u00e1ginas.","description":"Mapa del sitio - Una gu\u00eda para el lugar, por una sola lengua, saber qu\u00e9 p\u00e1ginas son en el lugar e ir a la p\u00e1gina de su elecci\u00f3n haciendo clic en el nombre.","robots":{"index":"index","follow":"follow","max-snippet":"max-snippet:-1","max-image-preview":"max-image-preview:large","max-video-preview":"max-video-preview:-1"},"canonical":"http:\/\/fins2015.mariabofill.com\/es\/mapa-del-sitio\/","og_locale":"es_ES","og_type":"article","og_title":"Maria Bofill - Mapa del sitio - Ver todas las p\u00e1ginas.","og_description":"Mapa del sitio - Una gu\u00eda para el lugar, por una sola lengua, saber qu\u00e9 p\u00e1ginas son en el lugar e ir a la p\u00e1gina de su elecci\u00f3n haciendo clic en el nombre.","og_url":"http:\/\/fins2015.mariabofill.com\/es\/mapa-del-sitio\/","og_site_name":"maria bofill","article_modified_time":"2015-01-05T10:51:55+00:00","schema":{"@context":"https:\/\/schema.org","@graph":[{"@type":"WebPage","@id":"http:\/\/fins2015.mariabofill.com\/es\/mapa-del-sitio\/","url":"http:\/\/fins2015.mariabofill.com\/es\/mapa-del-sitio\/","name":"Maria Bofill - Mapa del sitio - Ver todas las p\u00e1ginas.","isPartOf":{"@id":"http:\/\/fins2015.mariabofill.com\/es\/#website"},"datePublished":"2015-01-04T08:35:58+00:00","dateModified":"2015-01-05T10:51:55+00:00","description":"Mapa del sitio - Una gu\u00eda para el lugar, por una sola lengua, saber qu\u00e9 p\u00e1ginas son en el lugar e ir a la p\u00e1gina de su elecci\u00f3n haciendo clic en el nombre.","breadcrumb":{"@id":"http:\/\/fins2015.mariabofill.com\/es\/mapa-del-sitio\/#breadcrumb"},"inLanguage":"es","potentialAction":[{"@type":"ReadAction","target":["http:\/\/fins2015.mariabofill.com\/es\/mapa-del-sitio\/"]}]},{"@type":"BreadcrumbList","@id":"http:\/\/fins2015.mariabofill.com\/es\/mapa-del-sitio\/#breadcrumb","itemListElement":[{"@type":"ListItem","position":1,"name":"Home","item":"http:\/\/fins2015.mariabofill.com\/es\/"},{"@type":"ListItem","position":2,"name":"Mapa del sitio"}]},{"@type":"WebSite","@id":"http:\/\/fins2015.mariabofill.com\/es\/#website","url":"http:\/\/fins2015.mariabofill.com\/es\/","name":"maria bofill","description":"Ceramista y Artista","potentialAction":[{"@type":"SearchAction","target":{"@type":"EntryPoint","urlTemplate":"http:\/\/fins2015.mariabofill.com\/es\/?s={search_term_string}"},"query-input":{"@type":"PropertyValueSpecification","valueRequired":true,"valueName":"search_term_string"}}],"inLanguage":"es"}]}},"_links":{"self":[{"href":"http:\/\/fins2015.mariabofill.com\/es\/wp-json\/wp\/v2\/pages\/43","targetHints":{"allow":["GET"]}}],"collection":[{"href":"http:\/\/fins2015.mariabofill.com\/es\/wp-json\/wp\/v2\/pages"}],"about":[{"href":"http:\/\/fins2015.mariabofill.com\/es\/wp-json\/wp\/v2\/types\/page"}],"author":[{"embeddable":true,"href":"http:\/\/fins2015.mariabofill.com\/es\/wp-json\/wp\/v2\/users\/1"}],"replies":[{"embeddable":true,"href":"http:\/\/fins2015.mariabofill.com\/es\/wp-json\/wp\/v2\/comments?post=43"}],"version-history":[{"count":1,"href":"http:\/\/fins2015.mariabofill.com\/es\/wp-json\/wp\/v2\/pages\/43\/revisions"}],"predecessor-version":[{"id":44,"href":"http:\/\/fins2015.mariabofill.com\/es\/wp-json\/wp\/v2\/pages\/43\/revisions\/44"}],"wp:attachment":[{"href":"http:\/\/fins2015.mariabofill.com\/es\/wp-json\/wp\/v2\/media?parent=43"}],"curies":[{"name":"wp","href":"https:\/\/api.w.org\/{rel}","templated":true}]}}