{"id":38,"date":"2015-01-04T09:32:03","date_gmt":"2015-01-04T08:32:03","guid":{"rendered":"http:\/\/mariabofill.com\/es\/?page_id=38"},"modified":"2015-01-05T11:09:46","modified_gmt":"2015-01-05T10:09:46","slug":"contacto","status":"publish","type":"page","link":"http:\/\/fins2015.mariabofill.com\/es\/contacto\/","title":{"rendered":"Contacto"},"content":{"rendered":"\n<div class=\"wpcf7 no-js\" id=\"wpcf7-f39-o1\" lang=\"es-ES\" dir=\"ltr\" data-wpcf7-id=\"39\">\n<div class=\"screen-reader-response\"><p role=\"status\" aria-live=\"polite\" aria-atomic=\"true\"><\/p> <ul><\/ul><\/div>\n<form action=\"\/es\/wp-json\/wp\/v2\/pages\/38#wpcf7-f39-o1\" method=\"post\" class=\"wpcf7-form init\" aria-label=\"Formulario de contacto\" novalidate=\"novalidate\" data-status=\"init\">\n<fieldset class=\"hidden-fields-container\"><input type=\"hidden\" name=\"_wpcf7\" value=\"39\" \/><input type=\"hidden\" name=\"_wpcf7_version\" value=\"6.1.5\" \/><input type=\"hidden\" name=\"_wpcf7_locale\" value=\"es_ES\" \/><input type=\"hidden\" name=\"_wpcf7_unit_tag\" value=\"wpcf7-f39-o1\" \/><input type=\"hidden\" name=\"_wpcf7_container_post\" value=\"0\" \/><input type=\"hidden\" name=\"_wpcf7_posted_data_hash\" value=\"\" \/>\n<\/fieldset>\n<p>maria bofill\n<\/p>\n<p>Passatge Cardedeu, 28, bxs.<br \/>\nBarcelona<br \/>\n08023<br \/>\n0034 932 190 670\n<\/p>\n<p>Su nombre\n<\/p>\n<p><span class=\"wpcf7-form-control-wrap\" data-name=\"your-name\"><input size=\"40\" maxlength=\"400\" class=\"wpcf7-form-control wpcf7-text wpcf7-validates-as-required\" aria-required=\"true\" aria-invalid=\"false\" value=\"\" type=\"text\" name=\"your-name\" \/><\/span>\n<\/p>\n<p>Su e-mail\n<\/p>\n<p><span class=\"wpcf7-form-control-wrap\" data-name=\"your-email\"><input size=\"40\" maxlength=\"400\" class=\"wpcf7-form-control wpcf7-email wpcf7-validates-as-required wpcf7-text wpcf7-validates-as-email\" aria-required=\"true\" aria-invalid=\"false\" value=\"\" type=\"email\" name=\"your-email\" \/><\/span>\n<\/p>\n<p>Asunto\n<\/p>\n<p><span class=\"wpcf7-form-control-wrap\" data-name=\"your-subject\"><input size=\"40\" maxlength=\"400\" class=\"wpcf7-form-control wpcf7-text\" aria-invalid=\"false\" value=\"\" type=\"text\" name=\"your-subject\" \/><\/span>\n<\/p>\n<p>Su mensaje\n<\/p>\n<p><span class=\"wpcf7-form-control-wrap\" data-name=\"your-message\"><textarea cols=\"40\" rows=\"10\" maxlength=\"2000\" class=\"wpcf7-form-control wpcf7-textarea\" aria-invalid=\"false\" name=\"your-message\"><\/textarea><\/span>\n<\/p>\n<p>[recaptcha]\n<\/p>\n<p><input class=\"wpcf7-form-control wpcf7-submit has-spinner\" type=\"submit\" value=\"Enviar\" \/>\n<\/p><div class=\"wpcf7-response-output\" aria-hidden=\"true\"><\/div>\n<\/form>\n<\/div>\n\n","protected":false},"excerpt":{"rendered":"","protected":false},"author":1,"featured_media":0,"parent":0,"menu_order":0,"comment_status":"closed","ping_status":"open","template":"","meta":{"footnotes":""},"class_list":["post-38","page","type-page","status-publish","hentry"],"yoast_head":"<!-- This site is optimized with the Yoast SEO plugin v27.5 - https:\/\/yoast.com\/product\/yoast-seo-wordpress\/ -->\n<title>Maria Bofill - Contacto - Ponerse en contacto con Mar\u00eda.<\/title>\n<meta name=\"description\" content=\"Si usted tiene alg\u00fan inter\u00e9s especial en Mar\u00eda o su trabajo y que le gustar\u00eda estar en contacto puede contactar con \u00e9l a trav\u00e9s de esta p\u00e1gina.\" \/>\n<meta name=\"robots\" content=\"index, follow, max-snippet:-1, max-image-preview:large, max-video-preview:-1\" \/>\n<link rel=\"canonical\" href=\"http:\/\/fins2015.mariabofill.com\/es\/contacto\/\" \/>\n<meta property=\"og:locale\" content=\"es_ES\" \/>\n<meta property=\"og:type\" content=\"article\" \/>\n<meta property=\"og:title\" content=\"Maria Bofill - Contacto - Ponerse en contacto con Mar\u00eda.\" \/>\n<meta property=\"og:description\" content=\"Si usted tiene alg\u00fan inter\u00e9s especial en Mar\u00eda o su trabajo y que le gustar\u00eda estar en contacto puede contactar con \u00e9l a trav\u00e9s de esta p\u00e1gina.\" \/>\n<meta property=\"og:url\" content=\"http:\/\/fins2015.mariabofill.com\/es\/contacto\/\" \/>\n<meta property=\"og:site_name\" content=\"maria bofill\" \/>\n<meta property=\"article:modified_time\" content=\"2015-01-05T10:09:46+00:00\" \/>\n<script type=\"application\/ld+json\" class=\"yoast-schema-graph\">{\"@context\":\"https:\\\/\\\/schema.org\",\"@graph\":[{\"@type\":\"WebPage\",\"@id\":\"http:\\\/\\\/fins2015.mariabofill.com\\\/es\\\/contacto\\\/\",\"url\":\"http:\\\/\\\/fins2015.mariabofill.com\\\/es\\\/contacto\\\/\",\"name\":\"Maria Bofill - Contacto - Ponerse en contacto con Mar\u00eda.\",\"isPartOf\":{\"@id\":\"http:\\\/\\\/fins2015.mariabofill.com\\\/es\\\/#website\"},\"datePublished\":\"2015-01-04T08:32:03+00:00\",\"dateModified\":\"2015-01-05T10:09:46+00:00\",\"description\":\"Si usted tiene alg\u00fan inter\u00e9s especial en Mar\u00eda o su trabajo y que le gustar\u00eda estar en contacto puede contactar con \u00e9l a trav\u00e9s de esta p\u00e1gina.\",\"breadcrumb\":{\"@id\":\"http:\\\/\\\/fins2015.mariabofill.com\\\/es\\\/contacto\\\/#breadcrumb\"},\"inLanguage\":\"es\",\"potentialAction\":[{\"@type\":\"ReadAction\",\"target\":[\"http:\\\/\\\/fins2015.mariabofill.com\\\/es\\\/contacto\\\/\"]}]},{\"@type\":\"BreadcrumbList\",\"@id\":\"http:\\\/\\\/fins2015.mariabofill.com\\\/es\\\/contacto\\\/#breadcrumb\",\"itemListElement\":[{\"@type\":\"ListItem\",\"position\":1,\"name\":\"Home\",\"item\":\"http:\\\/\\\/fins2015.mariabofill.com\\\/es\\\/\"},{\"@type\":\"ListItem\",\"position\":2,\"name\":\"Contacto\"}]},{\"@type\":\"WebSite\",\"@id\":\"http:\\\/\\\/fins2015.mariabofill.com\\\/es\\\/#website\",\"url\":\"http:\\\/\\\/fins2015.mariabofill.com\\\/es\\\/\",\"name\":\"maria bofill\",\"description\":\"Ceramista y Artista\",\"potentialAction\":[{\"@type\":\"SearchAction\",\"target\":{\"@type\":\"EntryPoint\",\"urlTemplate\":\"http:\\\/\\\/fins2015.mariabofill.com\\\/es\\\/?s={search_term_string}\"},\"query-input\":{\"@type\":\"PropertyValueSpecification\",\"valueRequired\":true,\"valueName\":\"search_term_string\"}}],\"inLanguage\":\"es\"}]}<\/script>\n<!-- \/ Yoast SEO plugin. -->","yoast_head_json":{"title":"Maria Bofill - Contacto - Ponerse en contacto con Mar\u00eda.","description":"Si usted tiene alg\u00fan inter\u00e9s especial en Mar\u00eda o su trabajo y que le gustar\u00eda estar en contacto puede contactar con \u00e9l a trav\u00e9s de esta p\u00e1gina.","robots":{"index":"index","follow":"follow","max-snippet":"max-snippet:-1","max-image-preview":"max-image-preview:large","max-video-preview":"max-video-preview:-1"},"canonical":"http:\/\/fins2015.mariabofill.com\/es\/contacto\/","og_locale":"es_ES","og_type":"article","og_title":"Maria Bofill - Contacto - Ponerse en contacto con Mar\u00eda.","og_description":"Si usted tiene alg\u00fan inter\u00e9s especial en Mar\u00eda o su trabajo y que le gustar\u00eda estar en contacto puede contactar con \u00e9l a trav\u00e9s de esta p\u00e1gina.","og_url":"http:\/\/fins2015.mariabofill.com\/es\/contacto\/","og_site_name":"maria bofill","article_modified_time":"2015-01-05T10:09:46+00:00","schema":{"@context":"https:\/\/schema.org","@graph":[{"@type":"WebPage","@id":"http:\/\/fins2015.mariabofill.com\/es\/contacto\/","url":"http:\/\/fins2015.mariabofill.com\/es\/contacto\/","name":"Maria Bofill - Contacto - Ponerse en contacto con Mar\u00eda.","isPartOf":{"@id":"http:\/\/fins2015.mariabofill.com\/es\/#website"},"datePublished":"2015-01-04T08:32:03+00:00","dateModified":"2015-01-05T10:09:46+00:00","description":"Si usted tiene alg\u00fan inter\u00e9s especial en Mar\u00eda o su trabajo y que le gustar\u00eda estar en contacto puede contactar con \u00e9l a trav\u00e9s de esta p\u00e1gina.","breadcrumb":{"@id":"http:\/\/fins2015.mariabofill.com\/es\/contacto\/#breadcrumb"},"inLanguage":"es","potentialAction":[{"@type":"ReadAction","target":["http:\/\/fins2015.mariabofill.com\/es\/contacto\/"]}]},{"@type":"BreadcrumbList","@id":"http:\/\/fins2015.mariabofill.com\/es\/contacto\/#breadcrumb","itemListElement":[{"@type":"ListItem","position":1,"name":"Home","item":"http:\/\/fins2015.mariabofill.com\/es\/"},{"@type":"ListItem","position":2,"name":"Contacto"}]},{"@type":"WebSite","@id":"http:\/\/fins2015.mariabofill.com\/es\/#website","url":"http:\/\/fins2015.mariabofill.com\/es\/","name":"maria bofill","description":"Ceramista y Artista","potentialAction":[{"@type":"SearchAction","target":{"@type":"EntryPoint","urlTemplate":"http:\/\/fins2015.mariabofill.com\/es\/?s={search_term_string}"},"query-input":{"@type":"PropertyValueSpecification","valueRequired":true,"valueName":"search_term_string"}}],"inLanguage":"es"}]}},"_links":{"self":[{"href":"http:\/\/fins2015.mariabofill.com\/es\/wp-json\/wp\/v2\/pages\/38","targetHints":{"allow":["GET"]}}],"collection":[{"href":"http:\/\/fins2015.mariabofill.com\/es\/wp-json\/wp\/v2\/pages"}],"about":[{"href":"http:\/\/fins2015.mariabofill.com\/es\/wp-json\/wp\/v2\/types\/page"}],"author":[{"embeddable":true,"href":"http:\/\/fins2015.mariabofill.com\/es\/wp-json\/wp\/v2\/users\/1"}],"replies":[{"embeddable":true,"href":"http:\/\/fins2015.mariabofill.com\/es\/wp-json\/wp\/v2\/comments?post=38"}],"version-history":[{"count":1,"href":"http:\/\/fins2015.mariabofill.com\/es\/wp-json\/wp\/v2\/pages\/38\/revisions"}],"predecessor-version":[{"id":40,"href":"http:\/\/fins2015.mariabofill.com\/es\/wp-json\/wp\/v2\/pages\/38\/revisions\/40"}],"wp:attachment":[{"href":"http:\/\/fins2015.mariabofill.com\/es\/wp-json\/wp\/v2\/media?parent=38"}],"curies":[{"name":"wp","href":"https:\/\/api.w.org\/{rel}","templated":true}]}}