{"id":62,"date":"2015-01-03T11:39:05","date_gmt":"2015-01-03T10:39:05","guid":{"rendered":"http:\/\/mariabofill.com\/ca\/?page_id=62"},"modified":"2015-01-05T11:44:51","modified_gmt":"2015-01-05T10:44:51","slug":"mapa-del-lloc","status":"publish","type":"page","link":"http:\/\/fins2015.mariabofill.com\/ca\/mapa-del-lloc\/","title":{"rendered":"Mapa del Lloc"},"content":{"rendered":"<div class=\"wsp-container\"><h2 class=\"wsp-pages-title\">Pages<\/h2>\n<ul class=\"wsp-pages-list\">\n<li class=\"page_item page-item-148\"><a href=\"http:\/\/fins2015.mariabofill.com\/ca\/arquitectura\/\">Arquitectura<\/a><\/li>\n<li class=\"page_item page-item-52\"><a href=\"http:\/\/fins2015.mariabofill.com\/ca\/contacte\/\">Contacte<\/a><\/li>\n<li class=\"page_item page-item-32\"><a href=\"http:\/\/fins2015.mariabofill.com\/ca\/curriculum-vitae\/\">Curr\u00edculum Vitae<\/a><\/li>\n<li class=\"page_item page-item-30\"><a href=\"http:\/\/fins2015.mariabofill.com\/ca\/exposicions\/\">Exposicions<\/a><\/li>\n<li class=\"page_item page-item-62\"><a href=\"http:\/\/fins2015.mariabofill.com\/ca\/mapa-del-lloc\/\">Mapa del Lloc<\/a><\/li>\n<li class=\"page_item page-item-28\"><a href=\"http:\/\/fins2015.mariabofill.com\/ca\/natura\/\">Natura<\/a><\/li>\n<li class=\"page_item page-item-141\"><a href=\"http:\/\/fins2015.mariabofill.com\/ca\/paisatges\/\">Paisatges<\/a><\/li>\n<li class=\"page_item page-item-42\"><a href=\"http:\/\/fins2015.mariabofill.com\/ca\/\">Portada<\/a><\/li>\n<li class=\"page_item page-item-58\"><a href=\"http:\/\/fins2015.mariabofill.com\/ca\/videos\/\">V\u00eddeos<\/a><\/li>\n<\/ul>\n<h2 class=\"wsp-bwg_gallerys-title\">Galleries<\/h2>\n<ul class=\"wsp-bwg_gallerys-list\">\n<li><a href=\"http:\/\/fins2015.mariabofill.com\/ca\/bwg_gallery\/paisatges\/\">Paisatges<\/a><\/li>\n<li><a href=\"http:\/\/fins2015.mariabofill.com\/ca\/bwg_gallery\/natura\/\">Natura<\/a><\/li>\n<li><a href=\"http:\/\/fins2015.mariabofill.com\/ca\/bwg_gallery\/arquitectura\/\">Arquitectura<\/a><\/li>\n<\/ul>\n<\/div>\n","protected":false},"excerpt":{"rendered":"","protected":false},"author":1,"featured_media":0,"parent":0,"menu_order":0,"comment_status":"closed","ping_status":"open","template":"","meta":{"footnotes":""},"class_list":["post-62","page","type-page","status-publish","hentry"],"yoast_head":"<!-- This site is optimized with the Yoast SEO plugin v27.5 - https:\/\/yoast.com\/product\/yoast-seo-wordpress\/ -->\n<title>Maria Bofill - Mapa del lloc - Veure totes les p\u00e0gines.<\/title>\n<meta name=\"description\" content=\"Mapa del lloc - Una guia per al lloc, per una sola llengua, saber quines p\u00e0gines s\u00f3n en el lloc i anar a la p\u00e0gina de la seva elecci\u00f3 fent clic al nom.\" \/>\n<meta name=\"robots\" content=\"index, follow, max-snippet:-1, max-image-preview:large, max-video-preview:-1\" \/>\n<link rel=\"canonical\" href=\"http:\/\/fins2015.mariabofill.com\/ca\/mapa-del-lloc\/\" \/>\n<meta property=\"og:locale\" content=\"ca_ES\" \/>\n<meta property=\"og:type\" content=\"article\" \/>\n<meta property=\"og:title\" content=\"Maria Bofill - Mapa del lloc - Veure totes les p\u00e0gines.\" \/>\n<meta property=\"og:description\" content=\"Mapa del lloc - Una guia per al lloc, per una sola llengua, saber quines p\u00e0gines s\u00f3n en el lloc i anar a la p\u00e0gina de la seva elecci\u00f3 fent clic al nom.\" \/>\n<meta property=\"og:url\" content=\"http:\/\/fins2015.mariabofill.com\/ca\/mapa-del-lloc\/\" \/>\n<meta property=\"og:site_name\" content=\"maria bofill\" \/>\n<meta property=\"article:modified_time\" content=\"2015-01-05T10:44:51+00:00\" \/>\n<script type=\"application\/ld+json\" class=\"yoast-schema-graph\">{\"@context\":\"https:\\\/\\\/schema.org\",\"@graph\":[{\"@type\":\"WebPage\",\"@id\":\"http:\\\/\\\/fins2015.mariabofill.com\\\/ca\\\/mapa-del-lloc\\\/\",\"url\":\"http:\\\/\\\/fins2015.mariabofill.com\\\/ca\\\/mapa-del-lloc\\\/\",\"name\":\"Maria Bofill - Mapa del lloc - Veure totes les p\u00e0gines.\",\"isPartOf\":{\"@id\":\"http:\\\/\\\/fins2015.mariabofill.com\\\/ca\\\/#website\"},\"datePublished\":\"2015-01-03T10:39:05+00:00\",\"dateModified\":\"2015-01-05T10:44:51+00:00\",\"description\":\"Mapa del lloc - Una guia per al lloc, per una sola llengua, saber quines p\u00e0gines s\u00f3n en el lloc i anar a la p\u00e0gina de la seva elecci\u00f3 fent clic al nom.\",\"breadcrumb\":{\"@id\":\"http:\\\/\\\/fins2015.mariabofill.com\\\/ca\\\/mapa-del-lloc\\\/#breadcrumb\"},\"inLanguage\":\"ca-ES\",\"potentialAction\":[{\"@type\":\"ReadAction\",\"target\":[\"http:\\\/\\\/fins2015.mariabofill.com\\\/ca\\\/mapa-del-lloc\\\/\"]}]},{\"@type\":\"BreadcrumbList\",\"@id\":\"http:\\\/\\\/fins2015.mariabofill.com\\\/ca\\\/mapa-del-lloc\\\/#breadcrumb\",\"itemListElement\":[{\"@type\":\"ListItem\",\"position\":1,\"name\":\"Home\",\"item\":\"http:\\\/\\\/fins2015.mariabofill.com\\\/ca\\\/\"},{\"@type\":\"ListItem\",\"position\":2,\"name\":\"Mapa del Lloc\"}]},{\"@type\":\"WebSite\",\"@id\":\"http:\\\/\\\/fins2015.mariabofill.com\\\/ca\\\/#website\",\"url\":\"http:\\\/\\\/fins2015.mariabofill.com\\\/ca\\\/\",\"name\":\"maria bofill\",\"description\":\"Ceramista i Artista\",\"potentialAction\":[{\"@type\":\"SearchAction\",\"target\":{\"@type\":\"EntryPoint\",\"urlTemplate\":\"http:\\\/\\\/fins2015.mariabofill.com\\\/ca\\\/?s={search_term_string}\"},\"query-input\":{\"@type\":\"PropertyValueSpecification\",\"valueRequired\":true,\"valueName\":\"search_term_string\"}}],\"inLanguage\":\"ca-ES\"}]}<\/script>\n<!-- \/ Yoast SEO plugin. -->","yoast_head_json":{"title":"Maria Bofill - Mapa del lloc - Veure totes les p\u00e0gines.","description":"Mapa del lloc - Una guia per al lloc, per una sola llengua, saber quines p\u00e0gines s\u00f3n en el lloc i anar a la p\u00e0gina de la seva elecci\u00f3 fent clic al nom.","robots":{"index":"index","follow":"follow","max-snippet":"max-snippet:-1","max-image-preview":"max-image-preview:large","max-video-preview":"max-video-preview:-1"},"canonical":"http:\/\/fins2015.mariabofill.com\/ca\/mapa-del-lloc\/","og_locale":"ca_ES","og_type":"article","og_title":"Maria Bofill - Mapa del lloc - Veure totes les p\u00e0gines.","og_description":"Mapa del lloc - Una guia per al lloc, per una sola llengua, saber quines p\u00e0gines s\u00f3n en el lloc i anar a la p\u00e0gina de la seva elecci\u00f3 fent clic al nom.","og_url":"http:\/\/fins2015.mariabofill.com\/ca\/mapa-del-lloc\/","og_site_name":"maria bofill","article_modified_time":"2015-01-05T10:44:51+00:00","schema":{"@context":"https:\/\/schema.org","@graph":[{"@type":"WebPage","@id":"http:\/\/fins2015.mariabofill.com\/ca\/mapa-del-lloc\/","url":"http:\/\/fins2015.mariabofill.com\/ca\/mapa-del-lloc\/","name":"Maria Bofill - Mapa del lloc - Veure totes les p\u00e0gines.","isPartOf":{"@id":"http:\/\/fins2015.mariabofill.com\/ca\/#website"},"datePublished":"2015-01-03T10:39:05+00:00","dateModified":"2015-01-05T10:44:51+00:00","description":"Mapa del lloc - Una guia per al lloc, per una sola llengua, saber quines p\u00e0gines s\u00f3n en el lloc i anar a la p\u00e0gina de la seva elecci\u00f3 fent clic al nom.","breadcrumb":{"@id":"http:\/\/fins2015.mariabofill.com\/ca\/mapa-del-lloc\/#breadcrumb"},"inLanguage":"ca-ES","potentialAction":[{"@type":"ReadAction","target":["http:\/\/fins2015.mariabofill.com\/ca\/mapa-del-lloc\/"]}]},{"@type":"BreadcrumbList","@id":"http:\/\/fins2015.mariabofill.com\/ca\/mapa-del-lloc\/#breadcrumb","itemListElement":[{"@type":"ListItem","position":1,"name":"Home","item":"http:\/\/fins2015.mariabofill.com\/ca\/"},{"@type":"ListItem","position":2,"name":"Mapa del Lloc"}]},{"@type":"WebSite","@id":"http:\/\/fins2015.mariabofill.com\/ca\/#website","url":"http:\/\/fins2015.mariabofill.com\/ca\/","name":"maria bofill","description":"Ceramista i Artista","potentialAction":[{"@type":"SearchAction","target":{"@type":"EntryPoint","urlTemplate":"http:\/\/fins2015.mariabofill.com\/ca\/?s={search_term_string}"},"query-input":{"@type":"PropertyValueSpecification","valueRequired":true,"valueName":"search_term_string"}}],"inLanguage":"ca-ES"}]}},"_links":{"self":[{"href":"http:\/\/fins2015.mariabofill.com\/ca\/wp-json\/wp\/v2\/pages\/62","targetHints":{"allow":["GET"]}}],"collection":[{"href":"http:\/\/fins2015.mariabofill.com\/ca\/wp-json\/wp\/v2\/pages"}],"about":[{"href":"http:\/\/fins2015.mariabofill.com\/ca\/wp-json\/wp\/v2\/types\/page"}],"author":[{"embeddable":true,"href":"http:\/\/fins2015.mariabofill.com\/ca\/wp-json\/wp\/v2\/users\/1"}],"replies":[{"embeddable":true,"href":"http:\/\/fins2015.mariabofill.com\/ca\/wp-json\/wp\/v2\/comments?post=62"}],"version-history":[{"count":2,"href":"http:\/\/fins2015.mariabofill.com\/ca\/wp-json\/wp\/v2\/pages\/62\/revisions"}],"predecessor-version":[{"id":64,"href":"http:\/\/fins2015.mariabofill.com\/ca\/wp-json\/wp\/v2\/pages\/62\/revisions\/64"}],"wp:attachment":[{"href":"http:\/\/fins2015.mariabofill.com\/ca\/wp-json\/wp\/v2\/media?parent=62"}],"curies":[{"name":"wp","href":"https:\/\/api.w.org\/{rel}","templated":true}]}}