{"id":58,"date":"2015-01-03T11:25:32","date_gmt":"2015-01-03T10:25:32","guid":{"rendered":"http:\/\/mariabofill.com\/ca\/?page_id=58"},"modified":"2015-01-05T10:28:16","modified_gmt":"2015-01-05T09:28:16","slug":"videos","status":"publish","type":"page","link":"http:\/\/fins2015.mariabofill.com\/ca\/videos\/","title":{"rendered":"V\u00eddeos"},"content":{"rendered":"<h2>\n<div data-mode=\"normal\" data-oembed=\"1\" data-provider=\"vimeo\" id=\"arve-vimeo-115700079\" style=\"max-width:400px;\" class=\"arve alignleft\">\n\t<div class=\"arve-inner\">\n\t\t<div style=\"aspect-ratio:3\/2\" class=\"arve-embed arve-embed--has-aspect-ratio\">\n\t\t\t<div class=\"arve-ar\" style=\"padding-top:66.666667%\"><\/div>\n\t\t\t<iframe allow=\"accelerometer &apos;none&apos;;autoplay;bluetooth &apos;none&apos;;browsing-topics &apos;none&apos;;camera &apos;none&apos;;clipboard-read &apos;none&apos;;clipboard-write;display-capture &apos;none&apos;;encrypted-media &apos;none&apos;;gamepad &apos;none&apos;;geolocation &apos;none&apos;;gyroscope &apos;none&apos;;hid &apos;none&apos;;identity-credentials-get &apos;none&apos;;idle-detection &apos;none&apos;;keyboard-map &apos;none&apos;;local-fonts;magnetometer &apos;none&apos;;microphone &apos;none&apos;;midi &apos;none&apos;;otp-credentials &apos;none&apos;;payment &apos;none&apos;;picture-in-picture;publickey-credentials-create &apos;none&apos;;publickey-credentials-get &apos;none&apos;;screen-wake-lock &apos;none&apos;;serial &apos;none&apos;;summarizer &apos;none&apos;;sync-xhr;usb &apos;none&apos;;web-share;window-management &apos;none&apos;;xr-spatial-tracking &apos;none&apos;;\" allowfullscreen=\"\" class=\"arve-iframe fitvidsignore\" credentialless data-arve=\"arve-vimeo-115700079\" data-lenis-prevent=\"\" data-src-no-ap=\"https:\/\/player.vimeo.com\/video\/115700079?dnt=1&amp;app_id=122963&amp;transparent=0&amp;title=1&amp;byline=0&amp;portrait=0&amp;autoplay=0\" frameborder=\"0\" height=\"266.66666666667\" loading=\"lazy\" name=\"\" referrerpolicy=\"strict-origin-when-cross-origin\" sandbox=\"allow-scripts allow-same-origin allow-presentation allow-popups allow-popups-to-escape-sandbox allow-forms\" scrolling=\"no\" src=\"https:\/\/player.vimeo.com\/video\/115700079?dnt=1&#038;app_id=122963&#038;transparent=0&#038;title=1&#038;byline=0&#038;portrait=0&#038;autoplay=1\" title=\"\" width=\"400\"><\/iframe>\n\t\t\t\n\t\t<\/div>\n\t\t\n\t<\/div>\n\t\n\t\n\t<script type=\"application\/ld+json\">{\"@context\":\"http:\\\/\\\/schema.org\\\/\",\"@id\":\"http:\\\/\\\/fins2015.mariabofill.com\\\/ca\\\/videos\\\/#arve-vimeo-115700079\",\"type\":\"VideoObject\",\"embedURL\":\"https:\\\/\\\/player.vimeo.com\\\/video\\\/115700079?dnt=1&app_id=122963&transparent=0&title=1&byline=0&portrait=0&autoplay=1\"}<\/script>\n\t\n<div class=\"arve-error\"><p><small><abbr title=\"Advanced Responsive Video Embedder\">ARVE<\/abbr> error: Mode: lazyload not available (ARVE Pro not active?), switching to normal mode<\/small><\/p><\/div>\n<\/div><\/h2>\n","protected":false},"excerpt":{"rendered":"","protected":false},"author":1,"featured_media":0,"parent":0,"menu_order":0,"comment_status":"closed","ping_status":"open","template":"","meta":{"footnotes":""},"class_list":["post-58","page","type-page","status-publish","hentry"],"yoast_head":"<!-- This site is optimized with the Yoast SEO plugin v27.5 - https:\/\/yoast.com\/product\/yoast-seo-wordpress\/ -->\n<title>Maria Bofill - V\u00eddeo - Veure l&#039;obra de Maria en un v\u00eddeo<\/title>\n<meta name=\"description\" content=\"Un v\u00eddeo fet per un amic de Maria utilitzant fotografies del seu treball, mostrant les peces d&#039;una manera diferent de veure des d&#039;un altre costat.\" \/>\n<meta name=\"robots\" content=\"index, follow, max-snippet:-1, max-image-preview:large, max-video-preview:-1\" \/>\n<link rel=\"canonical\" href=\"http:\/\/fins2015.mariabofill.com\/ca\/videos\/\" \/>\n<meta property=\"og:locale\" content=\"ca_ES\" \/>\n<meta property=\"og:type\" content=\"article\" \/>\n<meta property=\"og:title\" content=\"Maria Bofill - V\u00eddeo - Veure l&#039;obra de Maria en un v\u00eddeo\" \/>\n<meta property=\"og:description\" content=\"Un v\u00eddeo fet per un amic de Maria utilitzant fotografies del seu treball, mostrant les peces d&#039;una manera diferent de veure des d&#039;un altre costat.\" \/>\n<meta property=\"og:url\" content=\"http:\/\/fins2015.mariabofill.com\/ca\/videos\/\" \/>\n<meta property=\"og:site_name\" content=\"maria bofill\" \/>\n<meta property=\"article:modified_time\" content=\"2015-01-05T09:28:16+00:00\" \/>\n<script type=\"application\/ld+json\" class=\"yoast-schema-graph\">{\"@context\":\"https:\\\/\\\/schema.org\",\"@graph\":[{\"@type\":\"WebPage\",\"@id\":\"http:\\\/\\\/fins2015.mariabofill.com\\\/ca\\\/videos\\\/\",\"url\":\"http:\\\/\\\/fins2015.mariabofill.com\\\/ca\\\/videos\\\/\",\"name\":\"Maria Bofill - V\u00eddeo - Veure l'obra de Maria en un v\u00eddeo\",\"isPartOf\":{\"@id\":\"http:\\\/\\\/fins2015.mariabofill.com\\\/ca\\\/#website\"},\"datePublished\":\"2015-01-03T10:25:32+00:00\",\"dateModified\":\"2015-01-05T09:28:16+00:00\",\"description\":\"Un v\u00eddeo fet per un amic de Maria utilitzant fotografies del seu treball, mostrant les peces d'una manera diferent de veure des d'un altre costat.\",\"breadcrumb\":{\"@id\":\"http:\\\/\\\/fins2015.mariabofill.com\\\/ca\\\/videos\\\/#breadcrumb\"},\"inLanguage\":\"ca-ES\",\"potentialAction\":[{\"@type\":\"ReadAction\",\"target\":[\"http:\\\/\\\/fins2015.mariabofill.com\\\/ca\\\/videos\\\/\"]}]},{\"@type\":\"BreadcrumbList\",\"@id\":\"http:\\\/\\\/fins2015.mariabofill.com\\\/ca\\\/videos\\\/#breadcrumb\",\"itemListElement\":[{\"@type\":\"ListItem\",\"position\":1,\"name\":\"Home\",\"item\":\"http:\\\/\\\/fins2015.mariabofill.com\\\/ca\\\/\"},{\"@type\":\"ListItem\",\"position\":2,\"name\":\"V\u00eddeos\"}]},{\"@type\":\"WebSite\",\"@id\":\"http:\\\/\\\/fins2015.mariabofill.com\\\/ca\\\/#website\",\"url\":\"http:\\\/\\\/fins2015.mariabofill.com\\\/ca\\\/\",\"name\":\"maria bofill\",\"description\":\"Ceramista i Artista\",\"potentialAction\":[{\"@type\":\"SearchAction\",\"target\":{\"@type\":\"EntryPoint\",\"urlTemplate\":\"http:\\\/\\\/fins2015.mariabofill.com\\\/ca\\\/?s={search_term_string}\"},\"query-input\":{\"@type\":\"PropertyValueSpecification\",\"valueRequired\":true,\"valueName\":\"search_term_string\"}}],\"inLanguage\":\"ca-ES\"}]}<\/script>\n<!-- \/ Yoast SEO plugin. -->","yoast_head_json":{"title":"Maria Bofill - V\u00eddeo - Veure l'obra de Maria en un v\u00eddeo","description":"Un v\u00eddeo fet per un amic de Maria utilitzant fotografies del seu treball, mostrant les peces d'una manera diferent de veure des d'un altre costat.","robots":{"index":"index","follow":"follow","max-snippet":"max-snippet:-1","max-image-preview":"max-image-preview:large","max-video-preview":"max-video-preview:-1"},"canonical":"http:\/\/fins2015.mariabofill.com\/ca\/videos\/","og_locale":"ca_ES","og_type":"article","og_title":"Maria Bofill - V\u00eddeo - Veure l'obra de Maria en un v\u00eddeo","og_description":"Un v\u00eddeo fet per un amic de Maria utilitzant fotografies del seu treball, mostrant les peces d'una manera diferent de veure des d'un altre costat.","og_url":"http:\/\/fins2015.mariabofill.com\/ca\/videos\/","og_site_name":"maria bofill","article_modified_time":"2015-01-05T09:28:16+00:00","schema":{"@context":"https:\/\/schema.org","@graph":[{"@type":"WebPage","@id":"http:\/\/fins2015.mariabofill.com\/ca\/videos\/","url":"http:\/\/fins2015.mariabofill.com\/ca\/videos\/","name":"Maria Bofill - V\u00eddeo - Veure l'obra de Maria en un v\u00eddeo","isPartOf":{"@id":"http:\/\/fins2015.mariabofill.com\/ca\/#website"},"datePublished":"2015-01-03T10:25:32+00:00","dateModified":"2015-01-05T09:28:16+00:00","description":"Un v\u00eddeo fet per un amic de Maria utilitzant fotografies del seu treball, mostrant les peces d'una manera diferent de veure des d'un altre costat.","breadcrumb":{"@id":"http:\/\/fins2015.mariabofill.com\/ca\/videos\/#breadcrumb"},"inLanguage":"ca-ES","potentialAction":[{"@type":"ReadAction","target":["http:\/\/fins2015.mariabofill.com\/ca\/videos\/"]}]},{"@type":"BreadcrumbList","@id":"http:\/\/fins2015.mariabofill.com\/ca\/videos\/#breadcrumb","itemListElement":[{"@type":"ListItem","position":1,"name":"Home","item":"http:\/\/fins2015.mariabofill.com\/ca\/"},{"@type":"ListItem","position":2,"name":"V\u00eddeos"}]},{"@type":"WebSite","@id":"http:\/\/fins2015.mariabofill.com\/ca\/#website","url":"http:\/\/fins2015.mariabofill.com\/ca\/","name":"maria bofill","description":"Ceramista i Artista","potentialAction":[{"@type":"SearchAction","target":{"@type":"EntryPoint","urlTemplate":"http:\/\/fins2015.mariabofill.com\/ca\/?s={search_term_string}"},"query-input":{"@type":"PropertyValueSpecification","valueRequired":true,"valueName":"search_term_string"}}],"inLanguage":"ca-ES"}]}},"_links":{"self":[{"href":"http:\/\/fins2015.mariabofill.com\/ca\/wp-json\/wp\/v2\/pages\/58","targetHints":{"allow":["GET"]}}],"collection":[{"href":"http:\/\/fins2015.mariabofill.com\/ca\/wp-json\/wp\/v2\/pages"}],"about":[{"href":"http:\/\/fins2015.mariabofill.com\/ca\/wp-json\/wp\/v2\/types\/page"}],"author":[{"embeddable":true,"href":"http:\/\/fins2015.mariabofill.com\/ca\/wp-json\/wp\/v2\/users\/1"}],"replies":[{"embeddable":true,"href":"http:\/\/fins2015.mariabofill.com\/ca\/wp-json\/wp\/v2\/comments?post=58"}],"version-history":[{"count":3,"href":"http:\/\/fins2015.mariabofill.com\/ca\/wp-json\/wp\/v2\/pages\/58\/revisions"}],"predecessor-version":[{"id":146,"href":"http:\/\/fins2015.mariabofill.com\/ca\/wp-json\/wp\/v2\/pages\/58\/revisions\/146"}],"wp:attachment":[{"href":"http:\/\/fins2015.mariabofill.com\/ca\/wp-json\/wp\/v2\/media?parent=58"}],"curies":[{"name":"wp","href":"https:\/\/api.w.org\/{rel}","templated":true}]}}