{"id":52,"date":"2015-01-03T11:15:30","date_gmt":"2015-01-03T10:15:30","guid":{"rendered":"http:\/\/mariabofill.com\/ca\/?page_id=52"},"modified":"2015-01-05T11:06:04","modified_gmt":"2015-01-05T10:06:04","slug":"contacte","status":"publish","type":"page","link":"http:\/\/fins2015.mariabofill.com\/ca\/contacte\/","title":{"rendered":"Contacte"},"content":{"rendered":"\n<div class=\"wpcf7 no-js\" id=\"wpcf7-f53-o1\" lang=\"ca\" dir=\"ltr\" data-wpcf7-id=\"53\">\n<div class=\"screen-reader-response\"><p role=\"status\" aria-live=\"polite\" aria-atomic=\"true\"><\/p> <ul><\/ul><\/div>\n<form action=\"\/ca\/wp-json\/wp\/v2\/pages\/52#wpcf7-f53-o1\" method=\"post\" class=\"wpcf7-form init\" aria-label=\"Contact form\" novalidate=\"novalidate\" data-status=\"init\">\n<fieldset class=\"hidden-fields-container\"><input type=\"hidden\" name=\"_wpcf7\" value=\"53\" \/><input type=\"hidden\" name=\"_wpcf7_version\" value=\"6.1.5\" \/><input type=\"hidden\" name=\"_wpcf7_locale\" value=\"ca\" \/><input type=\"hidden\" name=\"_wpcf7_unit_tag\" value=\"wpcf7-f53-o1\" \/><input type=\"hidden\" name=\"_wpcf7_container_post\" value=\"0\" \/><input type=\"hidden\" name=\"_wpcf7_posted_data_hash\" value=\"\" \/>\n<\/fieldset>\n<p>maria bofill\n<\/p>\n<p>Passatge Cardedeu, 28, bxs.<br \/>\nBarcelona<br \/>\n08023<br \/>\n0034 932 190 670\n<\/p>\n<p>El teu nom\n<\/p>\n<p><span class=\"wpcf7-form-control-wrap\" data-name=\"your-name\"><input size=\"40\" maxlength=\"400\" class=\"wpcf7-form-control wpcf7-text wpcf7-validates-as-required\" aria-required=\"true\" aria-invalid=\"false\" value=\"\" type=\"text\" name=\"your-name\" \/><\/span>\n<\/p>\n<p>El teu email\n<\/p>\n<p><span class=\"wpcf7-form-control-wrap\" data-name=\"your-email\"><input size=\"40\" maxlength=\"400\" class=\"wpcf7-form-control wpcf7-email wpcf7-validates-as-required wpcf7-text wpcf7-validates-as-email\" aria-required=\"true\" aria-invalid=\"false\" value=\"\" type=\"email\" name=\"your-email\" \/><\/span>\n<\/p>\n<p>Assumpte\n<\/p>\n<p><span class=\"wpcf7-form-control-wrap\" data-name=\"your-subject\"><input size=\"40\" maxlength=\"400\" class=\"wpcf7-form-control wpcf7-text\" aria-invalid=\"false\" value=\"\" type=\"text\" name=\"your-subject\" \/><\/span>\n<\/p>\n<p>El teu missatge\n<\/p>\n<p><span class=\"wpcf7-form-control-wrap\" data-name=\"your-message\"><textarea cols=\"40\" rows=\"10\" maxlength=\"2000\" class=\"wpcf7-form-control wpcf7-textarea\" aria-invalid=\"false\" name=\"your-message\"><\/textarea><\/span>\n<\/p>\n<p>[recaptcha]\n<\/p>\n<p><input class=\"wpcf7-form-control wpcf7-submit has-spinner\" type=\"submit\" value=\"Enviar\" \/>\n<\/p><div class=\"wpcf7-response-output\" aria-hidden=\"true\"><\/div>\n<\/form>\n<\/div>\n\n","protected":false},"excerpt":{"rendered":"","protected":false},"author":1,"featured_media":0,"parent":0,"menu_order":0,"comment_status":"closed","ping_status":"open","template":"","meta":{"footnotes":""},"class_list":["post-52","page","type-page","status-publish","hentry"],"yoast_head":"<!-- This site is optimized with the Yoast SEO plugin v27.4 - https:\/\/yoast.com\/product\/yoast-seo-wordpress\/ -->\n<title>Maria Bofill - Contacte<\/title>\n<meta name=\"description\" content=\"Si vost\u00e8 t\u00e9 algun inter\u00e8s especial en Maria o el seu treball i que li agradaria estar en contacte pot contactar amb ell a trav\u00e9s d&#039;aquesta p\u00e0gina.\" \/>\n<meta name=\"robots\" content=\"index, follow, max-snippet:-1, max-image-preview:large, max-video-preview:-1\" \/>\n<link rel=\"canonical\" href=\"http:\/\/fins2015.mariabofill.com\/ca\/contacte\/\" \/>\n<meta property=\"og:locale\" content=\"ca_ES\" \/>\n<meta property=\"og:type\" content=\"article\" \/>\n<meta property=\"og:title\" content=\"Maria Bofill - Contacte\" \/>\n<meta property=\"og:description\" content=\"Si vost\u00e8 t\u00e9 algun inter\u00e8s especial en Maria o el seu treball i que li agradaria estar en contacte pot contactar amb ell a trav\u00e9s d&#039;aquesta p\u00e0gina.\" \/>\n<meta property=\"og:url\" content=\"http:\/\/fins2015.mariabofill.com\/ca\/contacte\/\" \/>\n<meta property=\"og:site_name\" content=\"maria bofill\" \/>\n<meta property=\"article:modified_time\" content=\"2015-01-05T10:06:04+00:00\" \/>\n<script type=\"application\/ld+json\" class=\"yoast-schema-graph\">{\"@context\":\"https:\\\/\\\/schema.org\",\"@graph\":[{\"@type\":\"WebPage\",\"@id\":\"http:\\\/\\\/fins2015.mariabofill.com\\\/ca\\\/contacte\\\/\",\"url\":\"http:\\\/\\\/fins2015.mariabofill.com\\\/ca\\\/contacte\\\/\",\"name\":\"Maria Bofill - Contacte\",\"isPartOf\":{\"@id\":\"http:\\\/\\\/fins2015.mariabofill.com\\\/ca\\\/#website\"},\"datePublished\":\"2015-01-03T10:15:30+00:00\",\"dateModified\":\"2015-01-05T10:06:04+00:00\",\"description\":\"Si vost\u00e8 t\u00e9 algun inter\u00e8s especial en Maria o el seu treball i que li agradaria estar en contacte pot contactar amb ell a trav\u00e9s d'aquesta p\u00e0gina.\",\"breadcrumb\":{\"@id\":\"http:\\\/\\\/fins2015.mariabofill.com\\\/ca\\\/contacte\\\/#breadcrumb\"},\"inLanguage\":\"ca-ES\",\"potentialAction\":[{\"@type\":\"ReadAction\",\"target\":[\"http:\\\/\\\/fins2015.mariabofill.com\\\/ca\\\/contacte\\\/\"]}]},{\"@type\":\"BreadcrumbList\",\"@id\":\"http:\\\/\\\/fins2015.mariabofill.com\\\/ca\\\/contacte\\\/#breadcrumb\",\"itemListElement\":[{\"@type\":\"ListItem\",\"position\":1,\"name\":\"Home\",\"item\":\"http:\\\/\\\/fins2015.mariabofill.com\\\/ca\\\/\"},{\"@type\":\"ListItem\",\"position\":2,\"name\":\"Contacte\"}]},{\"@type\":\"WebSite\",\"@id\":\"http:\\\/\\\/fins2015.mariabofill.com\\\/ca\\\/#website\",\"url\":\"http:\\\/\\\/fins2015.mariabofill.com\\\/ca\\\/\",\"name\":\"maria bofill\",\"description\":\"Ceramista i Artista\",\"potentialAction\":[{\"@type\":\"SearchAction\",\"target\":{\"@type\":\"EntryPoint\",\"urlTemplate\":\"http:\\\/\\\/fins2015.mariabofill.com\\\/ca\\\/?s={search_term_string}\"},\"query-input\":{\"@type\":\"PropertyValueSpecification\",\"valueRequired\":true,\"valueName\":\"search_term_string\"}}],\"inLanguage\":\"ca-ES\"}]}<\/script>\n<!-- \/ Yoast SEO plugin. -->","yoast_head_json":{"title":"Maria Bofill - Contacte","description":"Si vost\u00e8 t\u00e9 algun inter\u00e8s especial en Maria o el seu treball i que li agradaria estar en contacte pot contactar amb ell a trav\u00e9s d'aquesta p\u00e0gina.","robots":{"index":"index","follow":"follow","max-snippet":"max-snippet:-1","max-image-preview":"max-image-preview:large","max-video-preview":"max-video-preview:-1"},"canonical":"http:\/\/fins2015.mariabofill.com\/ca\/contacte\/","og_locale":"ca_ES","og_type":"article","og_title":"Maria Bofill - Contacte","og_description":"Si vost\u00e8 t\u00e9 algun inter\u00e8s especial en Maria o el seu treball i que li agradaria estar en contacte pot contactar amb ell a trav\u00e9s d'aquesta p\u00e0gina.","og_url":"http:\/\/fins2015.mariabofill.com\/ca\/contacte\/","og_site_name":"maria bofill","article_modified_time":"2015-01-05T10:06:04+00:00","schema":{"@context":"https:\/\/schema.org","@graph":[{"@type":"WebPage","@id":"http:\/\/fins2015.mariabofill.com\/ca\/contacte\/","url":"http:\/\/fins2015.mariabofill.com\/ca\/contacte\/","name":"Maria Bofill - Contacte","isPartOf":{"@id":"http:\/\/fins2015.mariabofill.com\/ca\/#website"},"datePublished":"2015-01-03T10:15:30+00:00","dateModified":"2015-01-05T10:06:04+00:00","description":"Si vost\u00e8 t\u00e9 algun inter\u00e8s especial en Maria o el seu treball i que li agradaria estar en contacte pot contactar amb ell a trav\u00e9s d'aquesta p\u00e0gina.","breadcrumb":{"@id":"http:\/\/fins2015.mariabofill.com\/ca\/contacte\/#breadcrumb"},"inLanguage":"ca-ES","potentialAction":[{"@type":"ReadAction","target":["http:\/\/fins2015.mariabofill.com\/ca\/contacte\/"]}]},{"@type":"BreadcrumbList","@id":"http:\/\/fins2015.mariabofill.com\/ca\/contacte\/#breadcrumb","itemListElement":[{"@type":"ListItem","position":1,"name":"Home","item":"http:\/\/fins2015.mariabofill.com\/ca\/"},{"@type":"ListItem","position":2,"name":"Contacte"}]},{"@type":"WebSite","@id":"http:\/\/fins2015.mariabofill.com\/ca\/#website","url":"http:\/\/fins2015.mariabofill.com\/ca\/","name":"maria bofill","description":"Ceramista i Artista","potentialAction":[{"@type":"SearchAction","target":{"@type":"EntryPoint","urlTemplate":"http:\/\/fins2015.mariabofill.com\/ca\/?s={search_term_string}"},"query-input":{"@type":"PropertyValueSpecification","valueRequired":true,"valueName":"search_term_string"}}],"inLanguage":"ca-ES"}]}},"_links":{"self":[{"href":"http:\/\/fins2015.mariabofill.com\/ca\/wp-json\/wp\/v2\/pages\/52","targetHints":{"allow":["GET"]}}],"collection":[{"href":"http:\/\/fins2015.mariabofill.com\/ca\/wp-json\/wp\/v2\/pages"}],"about":[{"href":"http:\/\/fins2015.mariabofill.com\/ca\/wp-json\/wp\/v2\/types\/page"}],"author":[{"embeddable":true,"href":"http:\/\/fins2015.mariabofill.com\/ca\/wp-json\/wp\/v2\/users\/1"}],"replies":[{"embeddable":true,"href":"http:\/\/fins2015.mariabofill.com\/ca\/wp-json\/wp\/v2\/comments?post=52"}],"version-history":[{"count":2,"href":"http:\/\/fins2015.mariabofill.com\/ca\/wp-json\/wp\/v2\/pages\/52\/revisions"}],"predecessor-version":[{"id":55,"href":"http:\/\/fins2015.mariabofill.com\/ca\/wp-json\/wp\/v2\/pages\/52\/revisions\/55"}],"wp:attachment":[{"href":"http:\/\/fins2015.mariabofill.com\/ca\/wp-json\/wp\/v2\/media?parent=52"}],"curies":[{"name":"wp","href":"https:\/\/api.w.org\/{rel}","templated":true}]}}