{"id":148,"date":"2015-01-05T16:38:47","date_gmt":"2015-01-05T15:38:47","guid":{"rendered":"http:\/\/mariabofill.com\/ca\/?page_id=148"},"modified":"2021-05-02T15:23:53","modified_gmt":"2021-05-02T14:23:53","slug":"arquitectura","status":"publish","type":"page","link":"http:\/\/fins2015.mariabofill.com\/ca\/arquitectura\/","title":{"rendered":"Arquitectura"},"content":{"rendered":"    <div id=\"bwg_container1_0\"         class=\"bwg_container bwg_thumbnail bwg_thumbnails \"         data-right-click-protection=\"0\"         data-bwg=\"0\"         data-scroll=\"0\"         data-gallery-type=\"thumbnails\"         data-gallery-view-type=\"thumbnails\"         data-current-url=\"\/ca\/wp-json\/wp\/v2\/pages\/148\"         data-lightbox-url=\"http:\/\/fins2015.mariabofill.com\/ca\/wp-admin\/admin-ajax.php?action=GalleryBox&#038;current_view=0&#038;gallery_id=1&#038;tag=0&#038;theme_id=1&#038;shortcode_id=1&#038;sort_by=order&#038;order_by=asc&#038;current_url=%2Fca%2Fwp-json%2Fwp%2Fv2%2Fpages%2F148\"         data-gallery-id=\"1\"         data-popup-width=\"800\"         data-popup-height=\"500\"         data-is-album=\"gallery\"         data-buttons-position=\"bottom\">      <div id=\"bwg_container2_0\">             <div id=\"ajax_loading_0\" class=\"bwg_loading_div_1\">      <div class=\"bwg_loading_div_2\">        <div class=\"bwg_loading_div_3\">          <div id=\"loading_div_0\" class=\"bwg_spider_ajax_loading\">          <\/div>        <\/div>      <\/div>    <\/div>            <form id=\"gal_front_form_0\"              class=\"bwg-hidden\"              method=\"post\"              action=\"#\"              data-current=\"0\"              data-shortcode-id=\"1\"              data-gallery-type=\"thumbnails\"              data-gallery-id=\"1\"              data-tag=\"0\"              data-album-id=\"0\"              data-theme-id=\"1\"              data-ajax-url=\"http:\/\/fins2015.mariabofill.com\/ca\/wp-admin\/admin-ajax.php?action=bwg_frontend_data\">          <div id=\"bwg_container3_0\" class=\"bwg-background bwg-background-0\">                <div data-max-count=\"2\"         data-thumbnail-width=\"500\"         data-bwg=\"0\"         data-gallery-id=\"1\"         data-lightbox-url=\"http:\/\/fins2015.mariabofill.com\/ca\/wp-admin\/admin-ajax.php?action=GalleryBox&amp;current_view=0&amp;gallery_id=1&amp;tag=0&amp;theme_id=1&amp;shortcode_id=1&amp;sort_by=order&amp;order_by=asc&amp;current_url=%2Fca%2Fwp-json%2Fwp%2Fv2%2Fpages%2F148\"         id=\"bwg_thumbnails_0\"         class=\"bwg-container-0 bwg-thumbnails bwg-standard-thumbnails bwg-container bwg-border-box\">            <div class=\"bwg-item\">        <a class=\"bwg-a  bwg_lightbox\"  data-image-id=\"10\" data-elementor-open-lightbox=\"no\">                <div class=\"bwg-item0 \">          <div class=\"bwg-item1 bwg-zoom-effect\">            <div class=\"bwg-item2\">              <img decoding=\"async\" class=\"skip-lazy bwg_standart_thumb_img_0 \"                   data-id=\"10\"                   data-width=\"510\"                   data-height=\"363\"                   data-src=\"http:\/\/fins2015.mariabofill.com\/ca\/wp-content\/uploads\/sites\/3\/photo-gallery\/arquitectura\/thumb\/20-arquitectura-E-20011.jpg-23x27x15cm.-copia.png?bwg=1612112718\"                   src=\"http:\/\/fins2015.mariabofill.com\/ca\/wp-content\/uploads\/sites\/3\/photo-gallery\/arquitectura\/thumb\/20-arquitectura-E-20011.jpg-23x27x15cm.-copia.png?bwg=1612112718\"                   alt=\"Arquitectura E 2011 23x27x15cm\"                   title=\"Arquitectura E 2011 23x27x15cm\" \/>            <\/div>            <div class=\"bwg-zoom-effect-overlay\">              <div class=\"bwg-title1\"><div class=\"bwg-title2\">Arquitectura E 2011 23x27x15cm<\/div><\/div>                                        <\/div>          <\/div>        <\/div>                        <\/a>              <\/div>            <div class=\"bwg-item\">        <a class=\"bwg-a  bwg_lightbox\"  data-image-id=\"9\" data-elementor-open-lightbox=\"no\">                <div class=\"bwg-item0 \">          <div class=\"bwg-item1 bwg-zoom-effect\">            <div class=\"bwg-item2\">              <img decoding=\"async\" class=\"skip-lazy bwg_standart_thumb_img_0 \"                   data-id=\"9\"                   data-width=\"510\"                   data-height=\"368\"                   data-src=\"http:\/\/fins2015.mariabofill.com\/ca\/wp-content\/uploads\/sites\/3\/photo-gallery\/arquitectura\/thumb\/34-portes-dins-el-mar-2012.jpg4x26x26cm.-copia.png?bwg=1612112718\"                   src=\"http:\/\/fins2015.mariabofill.com\/ca\/wp-content\/uploads\/sites\/3\/photo-gallery\/arquitectura\/thumb\/34-portes-dins-el-mar-2012.jpg4x26x26cm.-copia.png?bwg=1612112718\"                   alt=\"Portes dins el mar 2012 - 4x26x26cm\"                   title=\"Portes dins el mar 2012 - 4x26x26cm\" \/>            <\/div>            <div class=\"bwg-zoom-effect-overlay\">              <div class=\"bwg-title1\"><div class=\"bwg-title2\">Portes dins el mar 2012 - 4x26x26cm<\/div><\/div>                                        <\/div>          <\/div>        <\/div>                        <\/a>              <\/div>            <div class=\"bwg-item\">        <a class=\"bwg-a  bwg_lightbox\"  data-image-id=\"8\" data-elementor-open-lightbox=\"no\">                <div class=\"bwg-item0 \">          <div class=\"bwg-item1 bwg-zoom-effect\">            <div class=\"bwg-item2\">              <img decoding=\"async\" class=\"skip-lazy bwg_standart_thumb_img_0 \"                   data-id=\"8\"                   data-width=\"510\"                   data-height=\"401\"                   data-src=\"http:\/\/fins2015.mariabofill.com\/ca\/wp-content\/uploads\/sites\/3\/photo-gallery\/arquitectura\/thumb\/31-arquitectura-en-negre-2012.jpg17x26x26cm.-copia.png?bwg=1612112718\"                   src=\"http:\/\/fins2015.mariabofill.com\/ca\/wp-content\/uploads\/sites\/3\/photo-gallery\/arquitectura\/thumb\/31-arquitectura-en-negre-2012.jpg17x26x26cm.-copia.png?bwg=1612112718\"                   alt=\"Arquitectura en negre 2012  17x26x26cm\"                   title=\"Arquitectura en negre 2012  17x26x26cm\" \/>            <\/div>            <div class=\"bwg-zoom-effect-overlay\">              <div class=\"bwg-title1\"><div class=\"bwg-title2\">Arquitectura en negre 2012  17x26x26cm<\/div><\/div>                                        <\/div>          <\/div>        <\/div>                        <\/a>              <\/div>            <div class=\"bwg-item\">        <a class=\"bwg-a  bwg_lightbox\"  data-image-id=\"7\" data-elementor-open-lightbox=\"no\">                <div class=\"bwg-item0 \">          <div class=\"bwg-item1 bwg-zoom-effect\">            <div class=\"bwg-item2\">              <img decoding=\"async\" class=\"skip-lazy bwg_standart_thumb_img_0 \"                   data-id=\"7\"                   data-width=\"510\"                   data-height=\"292\"                   data-src=\"http:\/\/fins2015.mariabofill.com\/ca\/wp-content\/uploads\/sites\/3\/photo-gallery\/arquitectura\/thumb\/05-bivitel.lins-2008.jpg-19x39x9cm.-copia-.png?bwg=1612112718\"                   src=\"http:\/\/fins2015.mariabofill.com\/ca\/wp-content\/uploads\/sites\/3\/photo-gallery\/arquitectura\/thumb\/05-bivitel.lins-2008.jpg-19x39x9cm.-copia-.png?bwg=1612112718\"                   alt=\"Bivitel.lins 2008 -19x39x9cm\"                   title=\"Bivitel.lins 2008 -19x39x9cm\" \/>            <\/div>            <div class=\"bwg-zoom-effect-overlay\">              <div class=\"bwg-title1\"><div class=\"bwg-title2\">Bivitel.lins 2008 -19x39x9cm<\/div><\/div>                                        <\/div>          <\/div>        <\/div>                        <\/a>              <\/div>            <div class=\"bwg-item\">        <a class=\"bwg-a  bwg_lightbox\"  data-image-id=\"6\" data-elementor-open-lightbox=\"no\">                <div class=\"bwg-item0 \">          <div class=\"bwg-item1 bwg-zoom-effect\">            <div class=\"bwg-item2\">              <img decoding=\"async\" class=\"skip-lazy bwg_standart_thumb_img_0 \"                   data-id=\"6\"                   data-width=\"510\"                   data-height=\"340\"                   data-src=\"http:\/\/fins2015.mariabofill.com\/ca\/wp-content\/uploads\/sites\/3\/photo-gallery\/arquitectura\/thumb\/04-arquitectura-B-2007.jpg-20x19x19cm.-copia.png?bwg=1612112718\"                   src=\"http:\/\/fins2015.mariabofill.com\/ca\/wp-content\/uploads\/sites\/3\/photo-gallery\/arquitectura\/thumb\/04-arquitectura-B-2007.jpg-20x19x19cm.-copia.png?bwg=1612112718\"                   alt=\"Arquitectura B 2007   20x19x19cm\"                   title=\"Arquitectura B 2007   20x19x19cm\" \/>            <\/div>            <div class=\"bwg-zoom-effect-overlay\">              <div class=\"bwg-title1\"><div class=\"bwg-title2\">Arquitectura B 2007   20x19x19cm<\/div><\/div>                                        <\/div>          <\/div>        <\/div>                        <\/a>              <\/div>            <div class=\"bwg-item\">        <a class=\"bwg-a  bwg_lightbox\"  data-image-id=\"5\" data-elementor-open-lightbox=\"no\">                <div class=\"bwg-item0 \">          <div class=\"bwg-item1 bwg-zoom-effect\">            <div class=\"bwg-item2\">              <img decoding=\"async\" class=\"skip-lazy bwg_standart_thumb_img_0 \"                   data-id=\"5\"                   data-width=\"510\"                   data-height=\"287\"                   data-src=\"http:\/\/fins2015.mariabofill.com\/ca\/wp-content\/uploads\/sites\/3\/photo-gallery\/arquitectura\/thumb\/24-altar-2011.jpg-4x22x18-cm.-copia.png?bwg=1612112718\"                   src=\"http:\/\/fins2015.mariabofill.com\/ca\/wp-content\/uploads\/sites\/3\/photo-gallery\/arquitectura\/thumb\/24-altar-2011.jpg-4x22x18-cm.-copia.png?bwg=1612112718\"                   alt=\"Altar 2011 - 4x22x18 cm\"                   title=\"Altar 2011 - 4x22x18 cm\" \/>            <\/div>            <div class=\"bwg-zoom-effect-overlay\">              <div class=\"bwg-title1\"><div class=\"bwg-title2\">Altar 2011 - 4x22x18 cm<\/div><\/div>                                        <\/div>          <\/div>        <\/div>                        <\/a>              <\/div>            <div class=\"bwg-item\">        <a class=\"bwg-a  bwg_lightbox\"  data-image-id=\"4\" data-elementor-open-lightbox=\"no\">                <div class=\"bwg-item0 \">          <div class=\"bwg-item1 bwg-zoom-effect\">            <div class=\"bwg-item2\">              <img decoding=\"async\" class=\"skip-lazy bwg_standart_thumb_img_0 \"                   data-id=\"4\"                   data-width=\"510\"                   data-height=\"292\"                   data-src=\"http:\/\/fins2015.mariabofill.com\/ca\/wp-content\/uploads\/sites\/3\/photo-gallery\/arquitectura\/thumb\/29-rodes.jpg-18-cm.-cada-roda-2011.png?bwg=1612112718\"                   src=\"http:\/\/fins2015.mariabofill.com\/ca\/wp-content\/uploads\/sites\/3\/photo-gallery\/arquitectura\/thumb\/29-rodes.jpg-18-cm.-cada-roda-2011.png?bwg=1612112718\"                   alt=\"Rodes - 18-cm cada roda 2011\"                   title=\"Rodes - 18-cm cada roda 2011\" \/>            <\/div>            <div class=\"bwg-zoom-effect-overlay\">              <div class=\"bwg-title1\"><div class=\"bwg-title2\">Rodes - 18-cm cada roda 2011<\/div><\/div>                                        <\/div>          <\/div>        <\/div>                        <\/a>              <\/div>            <div class=\"bwg-item\">        <a class=\"bwg-a  bwg_lightbox\"  data-image-id=\"3\" data-elementor-open-lightbox=\"no\">                <div class=\"bwg-item0 \">          <div class=\"bwg-item1 bwg-zoom-effect\">            <div class=\"bwg-item2\">              <img decoding=\"async\" class=\"skip-lazy bwg_standart_thumb_img_0 \"                   data-id=\"3\"                   data-width=\"510\"                   data-height=\"340\"                   data-src=\"http:\/\/fins2015.mariabofill.com\/ca\/wp-content\/uploads\/sites\/3\/photo-gallery\/arquitectura\/thumb\/02-arquitectura-C-2007.jpg-16x25x15cm.-copia.png?bwg=1612112718\"                   src=\"http:\/\/fins2015.mariabofill.com\/ca\/wp-content\/uploads\/sites\/3\/photo-gallery\/arquitectura\/thumb\/02-arquitectura-C-2007.jpg-16x25x15cm.-copia.png?bwg=1612112718\"                   alt=\"Arquitectura C 2007 - 16x25x15cm\"                   title=\"Arquitectura C 2007 - 16x25x15cm\" \/>            <\/div>            <div class=\"bwg-zoom-effect-overlay\">              <div class=\"bwg-title1\"><div class=\"bwg-title2\">Arquitectura C 2007 - 16x25x15cm<\/div><\/div>                                        <\/div>          <\/div>        <\/div>                        <\/a>              <\/div>            <div class=\"bwg-item\">        <a class=\"bwg-a  bwg_lightbox\"  data-image-id=\"2\" data-elementor-open-lightbox=\"no\">                <div class=\"bwg-item0 \">          <div class=\"bwg-item1 bwg-zoom-effect\">            <div class=\"bwg-item2\">              <img decoding=\"async\" class=\"skip-lazy bwg_standart_thumb_img_0 \"                   data-id=\"2\"                   data-width=\"510\"                   data-height=\"340\"                   data-src=\"http:\/\/fins2015.mariabofill.com\/ca\/wp-content\/uploads\/sites\/3\/photo-gallery\/arquitectura\/thumb\/16-taulell-2009.jpg-65x23x19cm.-copia.png?bwg=1612112718\"                   src=\"http:\/\/fins2015.mariabofill.com\/ca\/wp-content\/uploads\/sites\/3\/photo-gallery\/arquitectura\/thumb\/16-taulell-2009.jpg-65x23x19cm.-copia.png?bwg=1612112718\"                   alt=\"Taulell 2009 - 65x23x19 cm\"                   title=\"Taulell 2009 - 65x23x19 cm\" \/>            <\/div>            <div class=\"bwg-zoom-effect-overlay\">              <div class=\"bwg-title1\"><div class=\"bwg-title2\">Taulell 2009 - 65x23x19 cm<\/div><\/div>                                        <\/div>          <\/div>        <\/div>                        <\/a>              <\/div>            <div class=\"bwg-item\">        <a class=\"bwg-a  bwg_lightbox\"  data-image-id=\"1\" data-elementor-open-lightbox=\"no\">                <div class=\"bwg-item0 \">          <div class=\"bwg-item1 bwg-zoom-effect\">            <div class=\"bwg-item2\">              <img decoding=\"async\" class=\"skip-lazy bwg_standart_thumb_img_0 \"                   data-id=\"1\"                   data-width=\"510\"                   data-height=\"340\"                   data-src=\"http:\/\/fins2015.mariabofill.com\/ca\/wp-content\/uploads\/sites\/3\/photo-gallery\/arquitectura\/thumb\/01-arquitectura-A-2007.jpg-16x17x23cm.-copia.png?bwg=1612112718\"                   src=\"http:\/\/fins2015.mariabofill.com\/ca\/wp-content\/uploads\/sites\/3\/photo-gallery\/arquitectura\/thumb\/01-arquitectura-A-2007.jpg-16x17x23cm.-copia.png?bwg=1612112718\"                   alt=\"Arquitectura A 2007 - 16x17x23 cm\"                   title=\"Arquitectura A 2007 - 16x17x23 cm\" \/>            <\/div>            <div class=\"bwg-zoom-effect-overlay\">              <div class=\"bwg-title1\"><div class=\"bwg-title2\">Arquitectura A 2007 - 16x17x23 cm<\/div><\/div>                                        <\/div>          <\/div>        <\/div>                        <\/a>              <\/div>          <\/div>          <span class=\"bwg_nav_cont_0\">              <div class=\"tablenav-pages_0\">                  <\/div>                <input type=\"hidden\" id=\"page_number_0\" name=\"page_number_0\" value=\"1\" \/>      <script type=\"text\/javascript\">        if( jQuery('.bwg_nav_cont_0').length > 1 ) {          jQuery('.bwg_nav_cont_0').first().remove()        }        function spider_page_0(cur, x, y, load_more) {          if (typeof load_more == \"undefined\") {            var load_more = false;          }          if (jQuery(cur).hasClass('disabled')) {            return false;          }          var items_county_0 = 1;          switch (y) {            case 1:              if (x >= items_county_0) {                document.getElementById('page_number_0').value = items_county_0;              }              else {                document.getElementById('page_number_0').value = x + 1;              }              break;            case 2:              document.getElementById('page_number_0').value = items_county_0;              break;            case -1:              if (x == 1) {                document.getElementById('page_number_0').value = 1;              }              else {                document.getElementById('page_number_0').value = x - 1;              }              break;            case -2:              document.getElementById('page_number_0').value = 1;              break;\t\t\t\t\t\tcase 0:              document.getElementById('page_number_0').value = x;              break;            default:              document.getElementById('page_number_0').value = 1;          }          bwg_ajax('gal_front_form_0', '0', 'bwg_thumbnails_0', '0', '', 'gallery', 0, '', '', load_more, '', 1);        }                    jQuery('.first-page-0').on('click', function () {              spider_page_0(this, 1, -2, 'numeric');              return false;            });            jQuery('.prev-page-0').on('click', function () {              spider_page_0(this, 1, -1, 'numeric');              return false;            });            jQuery('.next-page-0').on('click', function () {              spider_page_0(this, 1, 1, 'numeric');              return false;            });            jQuery('.last-page-0').on('click', function () {              spider_page_0(this, 1, 2, 'numeric');              return false;            });        \t\t\t\t\/* Change page on input enter. *\/        function bwg_change_page_0( e, that ) {          if (  e.key == 'Enter' ) {            var to_page = parseInt(jQuery(that).val());            var pages_count = jQuery(that).parents(\".pagination-links\").data(\"pages-count\");            var current_url_param = jQuery(that).attr('data-url-info');            if (to_page > pages_count) {              to_page = 1;            }\t \t\t\t\t\t\t\t\t\t\t\t\tspider_page_0(this, to_page, 0, 'numeric');\t\t\t\t\t\t\treturn false;\t\t\t\t\t\t          }          return true;        }        jQuery('.bwg_load_btn_0').on('click', function () {            spider_page_0(this, 1, 1, true);            return false;        });      <\/script>      <\/span>                <\/div>        <\/form>                <div id=\"bwg_spider_popup_loading_0\" class=\"bwg_spider_popup_loading\"><\/div>        <div id=\"spider_popup_overlay_0\" class=\"spider_popup_overlay\" onclick=\"spider_destroypopup(1000)\"><\/div>        <input type=\"hidden\" id=\"bwg_random_seed_0\" value=\"702478587\">                <\/div>    <\/div>    <script>      if (document.readyState === 'complete') {        if( typeof bwg_main_ready == 'function' ) {          if ( jQuery(\"#bwg_container1_0\").height() ) {            bwg_main_ready(jQuery(\"#bwg_container1_0\"));          }        }      } else {        document.addEventListener('DOMContentLoaded', function() {          if( typeof bwg_main_ready == 'function' ) {            if ( jQuery(\"#bwg_container1_0\").height() ) {             bwg_main_ready(jQuery(\"#bwg_container1_0\"));            }          }        });      }    <\/script>    \n","protected":false},"excerpt":{"rendered":"","protected":false},"author":1,"featured_media":0,"parent":0,"menu_order":0,"comment_status":"closed","ping_status":"open","template":"","meta":{"footnotes":""},"class_list":["post-148","page","type-page","status-publish","hentry"],"yoast_head":"<!-- This site is optimized with the Yoast SEO plugin v27.5 - https:\/\/yoast.com\/product\/yoast-seo-wordpress\/ -->\n<title>Maria Bofill - Arquitectura - Arquitectura de cer\u00e0mica com a art<\/title>\n<meta name=\"description\" content=\"Petites peces d&#039;inspiraci\u00f3 mediterr\u00e0nia d&#039;arquitectura o escultura, que podrien fer-se m\u00e9s gran. Ells reflecteixen la imatge de la ciutat i el paisatge.\" \/>\n<meta name=\"robots\" content=\"index, follow, max-snippet:-1, max-image-preview:large, max-video-preview:-1\" \/>\n<link rel=\"canonical\" href=\"http:\/\/fins2015.mariabofill.com\/ca\/arquitectura\/\" \/>\n<meta property=\"og:locale\" content=\"ca_ES\" \/>\n<meta property=\"og:type\" content=\"article\" \/>\n<meta property=\"og:title\" content=\"Maria Bofill - Arquitectura - Arquitectura de cer\u00e0mica com a art\" \/>\n<meta property=\"og:description\" content=\"Petites peces d&#039;inspiraci\u00f3 mediterr\u00e0nia d&#039;arquitectura o escultura, que podrien fer-se m\u00e9s gran. Ells reflecteixen la imatge de la ciutat i el paisatge.\" \/>\n<meta property=\"og:url\" content=\"http:\/\/fins2015.mariabofill.com\/ca\/arquitectura\/\" \/>\n<meta property=\"og:site_name\" content=\"maria bofill\" \/>\n<meta property=\"article:modified_time\" content=\"2021-05-02T14:23:53+00:00\" \/>\n<meta name=\"twitter:label1\" content=\"Est. reading time\" \/>\n\t<meta name=\"twitter:data1\" content=\"1 minute\" \/>\n<script type=\"application\/ld+json\" class=\"yoast-schema-graph\">{\"@context\":\"https:\\\/\\\/schema.org\",\"@graph\":[{\"@type\":\"WebPage\",\"@id\":\"http:\\\/\\\/fins2015.mariabofill.com\\\/ca\\\/arquitectura\\\/\",\"url\":\"http:\\\/\\\/fins2015.mariabofill.com\\\/ca\\\/arquitectura\\\/\",\"name\":\"Maria Bofill - Arquitectura - Arquitectura de cer\u00e0mica com a art\",\"isPartOf\":{\"@id\":\"http:\\\/\\\/fins2015.mariabofill.com\\\/ca\\\/#website\"},\"datePublished\":\"2015-01-05T15:38:47+00:00\",\"dateModified\":\"2021-05-02T14:23:53+00:00\",\"description\":\"Petites peces d'inspiraci\u00f3 mediterr\u00e0nia d'arquitectura o escultura, que podrien fer-se m\u00e9s gran. Ells reflecteixen la imatge de la ciutat i el paisatge.\",\"breadcrumb\":{\"@id\":\"http:\\\/\\\/fins2015.mariabofill.com\\\/ca\\\/arquitectura\\\/#breadcrumb\"},\"inLanguage\":\"ca-ES\",\"potentialAction\":[{\"@type\":\"ReadAction\",\"target\":[\"http:\\\/\\\/fins2015.mariabofill.com\\\/ca\\\/arquitectura\\\/\"]}]},{\"@type\":\"BreadcrumbList\",\"@id\":\"http:\\\/\\\/fins2015.mariabofill.com\\\/ca\\\/arquitectura\\\/#breadcrumb\",\"itemListElement\":[{\"@type\":\"ListItem\",\"position\":1,\"name\":\"Home\",\"item\":\"http:\\\/\\\/fins2015.mariabofill.com\\\/ca\\\/\"},{\"@type\":\"ListItem\",\"position\":2,\"name\":\"Arquitectura\"}]},{\"@type\":\"WebSite\",\"@id\":\"http:\\\/\\\/fins2015.mariabofill.com\\\/ca\\\/#website\",\"url\":\"http:\\\/\\\/fins2015.mariabofill.com\\\/ca\\\/\",\"name\":\"maria bofill\",\"description\":\"Ceramista i Artista\",\"potentialAction\":[{\"@type\":\"SearchAction\",\"target\":{\"@type\":\"EntryPoint\",\"urlTemplate\":\"http:\\\/\\\/fins2015.mariabofill.com\\\/ca\\\/?s={search_term_string}\"},\"query-input\":{\"@type\":\"PropertyValueSpecification\",\"valueRequired\":true,\"valueName\":\"search_term_string\"}}],\"inLanguage\":\"ca-ES\"}]}<\/script>\n<!-- \/ Yoast SEO plugin. -->","yoast_head_json":{"title":"Maria Bofill - Arquitectura - Arquitectura de cer\u00e0mica com a art","description":"Petites peces d'inspiraci\u00f3 mediterr\u00e0nia d'arquitectura o escultura, que podrien fer-se m\u00e9s gran. Ells reflecteixen la imatge de la ciutat i el paisatge.","robots":{"index":"index","follow":"follow","max-snippet":"max-snippet:-1","max-image-preview":"max-image-preview:large","max-video-preview":"max-video-preview:-1"},"canonical":"http:\/\/fins2015.mariabofill.com\/ca\/arquitectura\/","og_locale":"ca_ES","og_type":"article","og_title":"Maria Bofill - Arquitectura - Arquitectura de cer\u00e0mica com a art","og_description":"Petites peces d'inspiraci\u00f3 mediterr\u00e0nia d'arquitectura o escultura, que podrien fer-se m\u00e9s gran. Ells reflecteixen la imatge de la ciutat i el paisatge.","og_url":"http:\/\/fins2015.mariabofill.com\/ca\/arquitectura\/","og_site_name":"maria bofill","article_modified_time":"2021-05-02T14:23:53+00:00","twitter_misc":{"Est. reading time":"1 minute"},"schema":{"@context":"https:\/\/schema.org","@graph":[{"@type":"WebPage","@id":"http:\/\/fins2015.mariabofill.com\/ca\/arquitectura\/","url":"http:\/\/fins2015.mariabofill.com\/ca\/arquitectura\/","name":"Maria Bofill - Arquitectura - Arquitectura de cer\u00e0mica com a art","isPartOf":{"@id":"http:\/\/fins2015.mariabofill.com\/ca\/#website"},"datePublished":"2015-01-05T15:38:47+00:00","dateModified":"2021-05-02T14:23:53+00:00","description":"Petites peces d'inspiraci\u00f3 mediterr\u00e0nia d'arquitectura o escultura, que podrien fer-se m\u00e9s gran. Ells reflecteixen la imatge de la ciutat i el paisatge.","breadcrumb":{"@id":"http:\/\/fins2015.mariabofill.com\/ca\/arquitectura\/#breadcrumb"},"inLanguage":"ca-ES","potentialAction":[{"@type":"ReadAction","target":["http:\/\/fins2015.mariabofill.com\/ca\/arquitectura\/"]}]},{"@type":"BreadcrumbList","@id":"http:\/\/fins2015.mariabofill.com\/ca\/arquitectura\/#breadcrumb","itemListElement":[{"@type":"ListItem","position":1,"name":"Home","item":"http:\/\/fins2015.mariabofill.com\/ca\/"},{"@type":"ListItem","position":2,"name":"Arquitectura"}]},{"@type":"WebSite","@id":"http:\/\/fins2015.mariabofill.com\/ca\/#website","url":"http:\/\/fins2015.mariabofill.com\/ca\/","name":"maria bofill","description":"Ceramista i Artista","potentialAction":[{"@type":"SearchAction","target":{"@type":"EntryPoint","urlTemplate":"http:\/\/fins2015.mariabofill.com\/ca\/?s={search_term_string}"},"query-input":{"@type":"PropertyValueSpecification","valueRequired":true,"valueName":"search_term_string"}}],"inLanguage":"ca-ES"}]}},"_links":{"self":[{"href":"http:\/\/fins2015.mariabofill.com\/ca\/wp-json\/wp\/v2\/pages\/148","targetHints":{"allow":["GET"]}}],"collection":[{"href":"http:\/\/fins2015.mariabofill.com\/ca\/wp-json\/wp\/v2\/pages"}],"about":[{"href":"http:\/\/fins2015.mariabofill.com\/ca\/wp-json\/wp\/v2\/types\/page"}],"author":[{"embeddable":true,"href":"http:\/\/fins2015.mariabofill.com\/ca\/wp-json\/wp\/v2\/users\/1"}],"replies":[{"embeddable":true,"href":"http:\/\/fins2015.mariabofill.com\/ca\/wp-json\/wp\/v2\/comments?post=148"}],"version-history":[{"count":4,"href":"http:\/\/fins2015.mariabofill.com\/ca\/wp-json\/wp\/v2\/pages\/148\/revisions"}],"predecessor-version":[{"id":246,"href":"http:\/\/fins2015.mariabofill.com\/ca\/wp-json\/wp\/v2\/pages\/148\/revisions\/246"}],"wp:attachment":[{"href":"http:\/\/fins2015.mariabofill.com\/ca\/wp-json\/wp\/v2\/media?parent=148"}],"curies":[{"name":"wp","href":"https:\/\/api.w.org\/{rel}","templated":true}]}}